{"id":96,"date":"2026-02-23T15:07:41","date_gmt":"2026-02-23T15:07:41","guid":{"rendered":"https:\/\/delfiart.francescozani.com\/?page_id=96"},"modified":"2026-03-25T10:23:55","modified_gmt":"2026-03-25T10:23:55","slug":"commissioni","status":"publish","type":"page","link":"https:\/\/delfiart.com\/en\/commissioni\/","title":{"rendered":"Fees"},"content":{"rendered":"\t\t<div data-elementor-type=\"wp-page\" data-elementor-id=\"96\" class=\"elementor elementor-96\">\n\t\t\t\t<div class=\"elementor-element elementor-element-16c3384 e-flex e-con-boxed e-con e-parent\" data-id=\"16c3384\" data-element_type=\"container\" data-e-type=\"container\">\n\t\t\t\t\t<div class=\"e-con-inner\">\n\t\t<div class=\"elementor-element elementor-element-290db9a e-con-full e-flex e-con e-child\" data-id=\"290db9a\" data-element_type=\"container\" data-e-type=\"container\">\n\t\t\t\t<div class=\"elementor-element elementor-element-300b3fd elementor-widget elementor-widget-heading\" data-id=\"300b3fd\" data-element_type=\"widget\" data-e-type=\"widget\" data-widget_type=\"heading.default\">\n\t\t\t\t\t<h2 class=\"elementor-heading-title elementor-size-default\">Commissioni <\/h2>\t\t\t\t<\/div>\n\t\t\t\t<div class=\"elementor-element elementor-element-5a0292b elementor-widget elementor-widget-text-editor\" data-id=\"5a0292b\" data-element_type=\"widget\" data-e-type=\"widget\" data-widget_type=\"text-editor.default\">\n\t\t\t\t\t\t\t\t\t<p>Quando mi chiedi un&#8217;opera su commissione, si apre per me uno spazio di ascolto.<\/p><p>Da quel momento, il tempo dedicato alla tua opera diventa tempo condiviso. La <strong>connessione<\/strong> con il destinatario nasce nell&#8217;atto stesso del creare per lui\/lei: tutto ci\u00f2 che mi attraversa: simboli, forme, intuizioni, non \u00e8 casuale. \u00c8<strong> destinato.<\/strong><\/p><p>Lascio emergere ci\u00f2 che arriva mentre lavoro. Intorno al soggetto, prendono forma altri elementi: segni, dettagli, simboli che forse riconoscerai subito\u2026 o forse solo pi\u00f9 avanti.<\/p><p>Chiamo questo processo <strong>Ritratto d&#8217;Anima<\/strong>. Perch\u00e9 non dipingo ci\u00f2 che vedo, ma ci\u00f2 che, in quel momento, chiede di essere mostrato per te.<br \/>E ci\u00f2 che arriva, arriva sempre per dire qualcosa alla tua vita.<\/p>\t\t\t\t\t\t\t\t<\/div>\n\t\t\t\t<div class=\"elementor-element elementor-element-6fa45d2 elementor-widget elementor-widget-button\" data-id=\"6fa45d2\" data-element_type=\"widget\" data-e-type=\"widget\" data-widget_type=\"button.default\">\n\t\t\t\t\t\t\t\t\t\t<a class=\"elementor-button elementor-button-link elementor-size-sm\" href=\"\/contatti\/\">\n\t\t\t\t\t\t<span class=\"elementor-button-content-wrapper\">\n\t\t\t\t\t\t\t\t\t<span class=\"elementor-button-text\">Commissiona la tua opera<\/span>\n\t\t\t\t\t<\/span>\n\t\t\t\t\t<\/a>\n\t\t\t\t\t\t\t\t<\/div>\n\t\t\t\t<\/div>\n\t\t<div class=\"elementor-element elementor-element-3cad756 e-con-full e-flex e-con e-child\" data-id=\"3cad756\" data-element_type=\"container\" data-e-type=\"container\">\n\t\t\t\t<div class=\"elementor-element elementor-element-7aaf120 elementor-widget elementor-widget-image\" data-id=\"7aaf120\" data-element_type=\"widget\" data-e-type=\"widget\" data-widget_type=\"image.default\">\n\t\t\t\t\t\t\t\t\t\t\t\t\t\t\t<img fetchpriority=\"high\" decoding=\"async\" width=\"800\" height=\"1001\" src=\"https:\/\/delfiart.com\/wp-content\/uploads\/2026\/02\/06_Foto_Egiunto-il-tempo_01_result-818x1024.webp\" class=\"attachment-large size-large wp-image-215\" alt=\"\" srcset=\"https:\/\/delfiart.com\/wp-content\/uploads\/2026\/02\/06_Foto_Egiunto-il-tempo_01_result-818x1024.webp 818w, https:\/\/delfiart.com\/wp-content\/uploads\/2026\/02\/06_Foto_Egiunto-il-tempo_01_result-240x300.webp 240w, https:\/\/delfiart.com\/wp-content\/uploads\/2026\/02\/06_Foto_Egiunto-il-tempo_01_result-768x961.webp 768w, https:\/\/delfiart.com\/wp-content\/uploads\/2026\/02\/06_Foto_Egiunto-il-tempo_01_result-1227x1536.webp 1227w, https:\/\/delfiart.com\/wp-content\/uploads\/2026\/02\/06_Foto_Egiunto-il-tempo_01_result-600x751.webp 600w, https:\/\/delfiart.com\/wp-content\/uploads\/2026\/02\/06_Foto_Egiunto-il-tempo_01_result.webp 1534w\" sizes=\"(max-width: 800px) 100vw, 800px\" \/>\t\t\t\t\t\t\t\t\t\t\t\t\t\t\t<\/div>\n\t\t\t\t<div class=\"elementor-element elementor-element-91f9e76 elementor-widget elementor-widget-heading\" data-id=\"91f9e76\" data-element_type=\"widget\" data-e-type=\"widget\" data-widget_type=\"heading.default\">\n\t\t\t\t\t<p class=\"elementor-heading-title elementor-size-default\">E' giunto il tempo, Acrilico su tela <\/p>\t\t\t\t<\/div>\n\t\t\t\t<\/div>\n\t\t\t\t\t<\/div>\n\t\t\t\t<\/div>\n\t\t<div class=\"elementor-element elementor-element-d182cbe e-flex e-con-boxed e-con e-parent\" data-id=\"d182cbe\" data-element_type=\"container\" data-e-type=\"container\">\n\t\t\t\t\t<div class=\"e-con-inner\">\n\t\t<div class=\"elementor-element elementor-element-f181d4d e-con-full e-flex e-con e-child\" data-id=\"f181d4d\" data-element_type=\"container\" data-e-type=\"container\">\n\t\t\t\t<div class=\"elementor-element elementor-element-fd14d8e elementor-widget elementor-widget-image\" data-id=\"fd14d8e\" data-element_type=\"widget\" data-e-type=\"widget\" data-widget_type=\"image.default\">\n\t\t\t\t\t\t\t\t\t\t\t\t\t\t\t<img decoding=\"async\" width=\"800\" height=\"804\" src=\"https:\/\/delfiart.com\/wp-content\/uploads\/2026\/02\/04_Foto_Ivana_01_result-1019x1024.webp\" class=\"attachment-large size-large wp-image-202\" alt=\"\" srcset=\"https:\/\/delfiart.com\/wp-content\/uploads\/2026\/02\/04_Foto_Ivana_01_result-1019x1024.webp 1019w, https:\/\/delfiart.com\/wp-content\/uploads\/2026\/02\/04_Foto_Ivana_01_result-150x150.webp 150w, https:\/\/delfiart.com\/wp-content\/uploads\/2026\/02\/04_Foto_Ivana_01_result-768x772.webp 768w, https:\/\/delfiart.com\/wp-content\/uploads\/2026\/02\/04_Foto_Ivana_01_result-1529x1536.webp 1529w, https:\/\/delfiart.com\/wp-content\/uploads\/2026\/02\/04_Foto_Ivana_01_result-600x603.webp 600w, https:\/\/delfiart.com\/wp-content\/uploads\/2026\/02\/04_Foto_Ivana_01_result-100x100.webp 100w, https:\/\/delfiart.com\/wp-content\/uploads\/2026\/02\/04_Foto_Ivana_01_result.webp 1911w\" sizes=\"(max-width: 800px) 100vw, 800px\" \/>\t\t\t\t\t\t\t\t\t\t\t\t\t\t\t<\/div>\n\t\t\t\t<div class=\"elementor-element elementor-element-5bb045a elementor-widget elementor-widget-heading\" data-id=\"5bb045a\" data-element_type=\"widget\" data-e-type=\"widget\" data-widget_type=\"heading.default\">\n\t\t\t\t\t<p class=\"elementor-heading-title elementor-size-default\">Ivana,  Acrilico e spray su tela <\/p>\t\t\t\t<\/div>\n\t\t\t\t<\/div>\n\t\t<div class=\"elementor-element elementor-element-369b451 e-con-full e-flex e-con e-child\" data-id=\"369b451\" data-element_type=\"container\" data-e-type=\"container\">\n\t\t\t\t<div class=\"elementor-element elementor-element-34145b8 elementor-widget elementor-widget-heading\" data-id=\"34145b8\" data-element_type=\"widget\" data-e-type=\"widget\" data-widget_type=\"heading.default\">\n\t\t\t\t\t<h2 class=\"elementor-heading-title elementor-size-default\">Indicazioni<\/h2>\t\t\t\t<\/div>\n\t\t\t\t<div class=\"elementor-element elementor-element-7eae8ef elementor-widget elementor-widget-text-editor\" data-id=\"7eae8ef\" data-element_type=\"widget\" data-e-type=\"widget\" data-widget_type=\"text-editor.default\">\n\t\t\t\t\t\t\t\t\t<p><span style=\"font-weight: 400;\">Per dare forma alla tua opera ti guider\u00f2 nella scelta di:<\/span><\/p><ul><li style=\"font-weight: 400;\" aria-level=\"1\"><span style=\"font-weight: 400;\"><strong>Dimensioni<\/strong>\u00a0<\/span><\/li><li aria-level=\"1\"><strong>Supporto (tela, legno,muro)<\/strong><\/li><li style=\"font-weight: 400;\" aria-level=\"1\"><strong>Budget da dedicare<\/strong><\/li><li aria-level=\"1\"><strong>Eventuali elementi<\/strong><\/li><\/ul><p>\u00a0<\/p><p>Per iniziare il lavoro \u00e8 necessario un <strong>acconto pari al 50% del valore<\/strong> dell\u2019opera.<\/p><p>Il <strong>tempo di attesa<\/strong> \u00e8 generalmente di <strong>3 mesi<\/strong>, e pu\u00f2 variare in base alle dimensioni e alla complessit\u00e0 dell\u2019opera.<br \/>Non \u00e8 solo un <strong>tempo tecnico,<\/strong> ma uno spazio necessario perch\u00e9 ci\u00f2 che deve emergere trovi la sua forma.<\/p><p>\u00c8 essenziale affidarsi al <strong>processo di creazione<\/strong>.<\/p>\t\t\t\t\t\t\t\t<\/div>\n\t\t\t\t<div class=\"elementor-element elementor-element-93a4225 elementor-widget elementor-widget-button\" data-id=\"93a4225\" data-element_type=\"widget\" data-e-type=\"widget\" data-widget_type=\"button.default\">\n\t\t\t\t\t\t\t\t\t\t<a class=\"elementor-button elementor-button-link elementor-size-sm\" href=\"\/contatti\/\">\n\t\t\t\t\t\t<span class=\"elementor-button-content-wrapper\">\n\t\t\t\t\t\t\t\t\t<span class=\"elementor-button-text\">Commissiona la tua opera<\/span>\n\t\t\t\t\t<\/span>\n\t\t\t\t\t<\/a>\n\t\t\t\t\t\t\t\t<\/div>\n\t\t\t\t<\/div>\n\t\t\t\t\t<\/div>\n\t\t\t\t<\/div>\n\t\t<div class=\"elementor-element elementor-element-4150652 e-flex e-con-boxed e-con e-parent\" data-id=\"4150652\" data-element_type=\"container\" data-e-type=\"container\">\n\t\t\t\t\t<div class=\"e-con-inner\">\n\t\t\t\t<div class=\"elementor-element elementor-element-f74614a elementor-widget elementor-widget-heading\" data-id=\"f74614a\" data-element_type=\"widget\" data-e-type=\"widget\" data-widget_type=\"heading.default\">\n\t\t\t\t\t<h2 class=\"elementor-heading-title elementor-size-default\">Storie emerse<\/h2>\t\t\t\t<\/div>\n\t\t\t\t\t<\/div>\n\t\t\t\t<\/div>\n\t\t<div class=\"elementor-element elementor-element-97e69b3 e-flex e-con-boxed e-con e-parent\" data-id=\"97e69b3\" data-element_type=\"container\" data-e-type=\"container\">\n\t\t\t\t\t<div class=\"e-con-inner\">\n\t\t\t\t<div class=\"elementor-element elementor-element-271c6b3 elementor-widget elementor-widget-delfi-storie-emerse-slider\" data-id=\"271c6b3\" data-element_type=\"widget\" data-e-type=\"widget\" data-widget_type=\"delfi-storie-emerse-slider.default\">\n\t\t\t\t<div class=\"elementor-widget-container\">\n\t\t\t\t\t\n\t\t<div id=\"se-slider-271c6b3\" class=\"se-slider-wrapper\">\n\n\t\t\t<div class=\"se-swiper swiper\">\n\t\t\t\t<div class=\"swiper-wrapper\">\n\t\t\t\t\t\t\t\t\t\t<div class=\"swiper-slide\">\n\t\t\t\t\t\t<article class=\"se-card\">\n\n\t\t\t\t\t\t\t\t\t\t\t\t\t\t\t<div class=\"se-card__image-wrap\">\n\t\t\t\t\t\t\t\t\t<img\n\t\t\t\t\t\t\t\t\t\tsrc=\"https:\/\/delfiart.com\/wp-content\/uploads\/2026\/04\/loh-storie-3-1024x1024.webp\"\n\t\t\t\t\t\t\t\t\t\talt=\"Loh\"\n\t\t\t\t\t\t\t\t\t\tclass=\"se-card__image\"\n\t\t\t\t\t\t\t\t\t\tloading=\"lazy\"\n\t\t\t\t\t\t\t\t\t\/>\n\t\t\t\t\t\t\t\t<\/div>\n\t\t\t\t\t\t\t\n\t\t\t\t\t\t\t<div class=\"se-card__body\">\n\t\t\t\t\t\t\t\t<h3 class=\"se-card__title\">\n\t\t\t\t\t\t\t\t\tLoh\t\t\t\t\t\t\t\t<\/h3>\n\n\t\t\t\t\t\t\t\t\t\t\t\t\t\t\t\t<div class=\"se-card__excerpt-wrap\">\n\t\t\t\t\t\t\t\t\t<p class=\"se-card__excerpt\">\u201cLoh\u201d \u00e9 un\u2019opera su commissione, un\u2019allegoria dedicata ad un luogo magico della Valle Camonica: Lozio (Loh in dialetto locale). Tra menhir celtici, incisioni rupestri, fossili e tante storie di streghe e curandere, sorge la tenuta della committente dell\u2019opera, che ospita cavalli, asini e altri animali. Tra loro Nepal, la border collie volante e Agata, la [&hellip;]<\/p>\n\t\t\t\t\t\t\t\t\t<button\n\t\t\t\t\t\t\t\t\t\tclass=\"se-card__expand-btn\"\n\t\t\t\t\t\t\t\t\t\taria-expanded=\"false\"\n\t\t\t\t\t\t\t\t\t\taria-label=\"Espandi testo\"\n\t\t\t\t\t\t\t\t\t>\n\t\t\t\t\t\t\t\t\t\t<svg viewBox=\"0 0 24 24\" fill=\"none\" xmlns=\"http:\/\/www.w3.org\/2000\/svg\" aria-hidden=\"true\">\n\t\t\t\t\t\t\t\t\t\t\t<path d=\"M6 9l6 6 6-6\" stroke=\"currentColor\" stroke-width=\"2\" stroke-linecap=\"round\" stroke-linejoin=\"round\"\/>\n\t\t\t\t\t\t\t\t\t\t<\/svg>\n\t\t\t\t\t\t\t\t\t<\/button>\n\t\t\t\t\t\t\t\t<\/div>\n\t\t\t\t\t\t\t\t\t\t\t\t\t\t\t<\/div>\n\n\t\t\t\t\t\t<\/article>\n\t\t\t\t\t<\/div>\n\t\t\t\t\t\t\t\t\t\t<div class=\"swiper-slide\">\n\t\t\t\t\t\t<article class=\"se-card\">\n\n\t\t\t\t\t\t\t\t\t\t\t\t\t\t\t<div class=\"se-card__image-wrap\">\n\t\t\t\t\t\t\t\t\t<img\n\t\t\t\t\t\t\t\t\t\tsrc=\"https:\/\/delfiart.com\/wp-content\/uploads\/2026\/04\/06_Foto_Egiunto-il-tempo_01_result-1_result-1024x1024.webp\"\n\t\t\t\t\t\t\t\t\t\talt=\"\u00c8 giunto il tempo\"\n\t\t\t\t\t\t\t\t\t\tclass=\"se-card__image\"\n\t\t\t\t\t\t\t\t\t\tloading=\"lazy\"\n\t\t\t\t\t\t\t\t\t\/>\n\t\t\t\t\t\t\t\t<\/div>\n\t\t\t\t\t\t\t\n\t\t\t\t\t\t\t<div class=\"se-card__body\">\n\t\t\t\t\t\t\t\t<h3 class=\"se-card__title\">\n\t\t\t\t\t\t\t\t\t\u00c8 giunto il tempo\t\t\t\t\t\t\t\t<\/h3>\n\n\t\t\t\t\t\t\t\t\t\t\t\t\t\t\t\t<div class=\"se-card__excerpt-wrap\">\n\t\t\t\t\t\t\t\t\t<p class=\"se-card__excerpt\">Nel centro del bosco il tempo \u00e8 arrivato, una nuova fase rappresentata dal coniglio guardiano della soglia si apre custodita tra la volpe e la sua coda, un nuovo fluire sotto le stelle.Una nuova via magica cattura lo sguardo della civetta mentre osserviamo ancora seduti e ci sentiamo sorretti da spiriti un tempo invisibili.<\/p>\n\t\t\t\t\t\t\t\t\t<button\n\t\t\t\t\t\t\t\t\t\tclass=\"se-card__expand-btn\"\n\t\t\t\t\t\t\t\t\t\taria-expanded=\"false\"\n\t\t\t\t\t\t\t\t\t\taria-label=\"Espandi testo\"\n\t\t\t\t\t\t\t\t\t>\n\t\t\t\t\t\t\t\t\t\t<svg viewBox=\"0 0 24 24\" fill=\"none\" xmlns=\"http:\/\/www.w3.org\/2000\/svg\" aria-hidden=\"true\">\n\t\t\t\t\t\t\t\t\t\t\t<path d=\"M6 9l6 6 6-6\" stroke=\"currentColor\" stroke-width=\"2\" stroke-linecap=\"round\" stroke-linejoin=\"round\"\/>\n\t\t\t\t\t\t\t\t\t\t<\/svg>\n\t\t\t\t\t\t\t\t\t<\/button>\n\t\t\t\t\t\t\t\t<\/div>\n\t\t\t\t\t\t\t\t\t\t\t\t\t\t\t<\/div>\n\n\t\t\t\t\t\t<\/article>\n\t\t\t\t\t<\/div>\n\t\t\t\t\t\t\t\t\t\t<div class=\"swiper-slide\">\n\t\t\t\t\t\t<article class=\"se-card\">\n\n\t\t\t\t\t\t\t\t\t\t\t\t\t\t\t<div class=\"se-card__image-wrap\">\n\t\t\t\t\t\t\t\t\t<img\n\t\t\t\t\t\t\t\t\t\tsrc=\"https:\/\/delfiart.com\/wp-content\/uploads\/2026\/02\/04_Foto_Ivana_01_result-1019x1024.webp\"\n\t\t\t\t\t\t\t\t\t\talt=\"Ivana\"\n\t\t\t\t\t\t\t\t\t\tclass=\"se-card__image\"\n\t\t\t\t\t\t\t\t\t\tloading=\"lazy\"\n\t\t\t\t\t\t\t\t\t\/>\n\t\t\t\t\t\t\t\t<\/div>\n\t\t\t\t\t\t\t\n\t\t\t\t\t\t\t<div class=\"se-card__body\">\n\t\t\t\t\t\t\t\t<h3 class=\"se-card__title\">\n\t\t\t\t\t\t\t\t\tIvana\t\t\t\t\t\t\t\t<\/h3>\n\n\t\t\t\t\t\t\t\t\t\t\t\t\t\t\t\t<div class=\"se-card__excerpt-wrap\">\n\t\t\t\t\t\t\t\t\t<p class=\"se-card__excerpt\">Realizzato su commissione come ritratto d&#8217;anima porta elementi legati al viaggio interiore alla scoperta delle proprie potenzialit\u00e0. Tra animali mistici, simboli e paesaggi il committente pu\u00f2 cos\u00ec realizzare un viaggio verso di se ogni qual volta ne fruisce con atteggiamento meditativo.<\/p>\n\t\t\t\t\t\t\t\t\t<button\n\t\t\t\t\t\t\t\t\t\tclass=\"se-card__expand-btn\"\n\t\t\t\t\t\t\t\t\t\taria-expanded=\"false\"\n\t\t\t\t\t\t\t\t\t\taria-label=\"Espandi testo\"\n\t\t\t\t\t\t\t\t\t>\n\t\t\t\t\t\t\t\t\t\t<svg viewBox=\"0 0 24 24\" fill=\"none\" xmlns=\"http:\/\/www.w3.org\/2000\/svg\" aria-hidden=\"true\">\n\t\t\t\t\t\t\t\t\t\t\t<path d=\"M6 9l6 6 6-6\" stroke=\"currentColor\" stroke-width=\"2\" stroke-linecap=\"round\" stroke-linejoin=\"round\"\/>\n\t\t\t\t\t\t\t\t\t\t<\/svg>\n\t\t\t\t\t\t\t\t\t<\/button>\n\t\t\t\t\t\t\t\t<\/div>\n\t\t\t\t\t\t\t\t\t\t\t\t\t\t\t<\/div>\n\n\t\t\t\t\t\t<\/article>\n\t\t\t\t\t<\/div>\n\t\t\t\t\t\t\t\t\t\t<div class=\"swiper-slide\">\n\t\t\t\t\t\t<article class=\"se-card\">\n\n\t\t\t\t\t\t\t\t\t\t\t\t\t\t\t<div class=\"se-card__image-wrap\">\n\t\t\t\t\t\t\t\t\t<img\n\t\t\t\t\t\t\t\t\t\tsrc=\"https:\/\/delfiart.com\/wp-content\/uploads\/2026\/03\/11_Foto_LaForza_01_result-1024x1024.webp\"\n\t\t\t\t\t\t\t\t\t\talt=\"La Forza\"\n\t\t\t\t\t\t\t\t\t\tclass=\"se-card__image\"\n\t\t\t\t\t\t\t\t\t\tloading=\"lazy\"\n\t\t\t\t\t\t\t\t\t\/>\n\t\t\t\t\t\t\t\t<\/div>\n\t\t\t\t\t\t\t\n\t\t\t\t\t\t\t<div class=\"se-card__body\">\n\t\t\t\t\t\t\t\t<h3 class=\"se-card__title\">\n\t\t\t\t\t\t\t\t\tLa Forza\t\t\t\t\t\t\t\t<\/h3>\n\n\t\t\t\t\t\t\t\t\t\t\t\t\t\t\t\t<div class=\"se-card__excerpt-wrap\">\n\t\t\t\t\t\t\t\t\t<p class=\"se-card__excerpt\">Quadro commissionato e ispirato alla carta numero 11 dei tarocchi, la Forza. Una donna doma un leone con energia femminile: ascolto ed accoglienza. Il leone, in questo caso simbolo degli istinti primordiali che ci abitano, \u00e8 al suo completo servizio.<\/p>\n\t\t\t\t\t\t\t\t\t<button\n\t\t\t\t\t\t\t\t\t\tclass=\"se-card__expand-btn\"\n\t\t\t\t\t\t\t\t\t\taria-expanded=\"false\"\n\t\t\t\t\t\t\t\t\t\taria-label=\"Espandi testo\"\n\t\t\t\t\t\t\t\t\t>\n\t\t\t\t\t\t\t\t\t\t<svg viewBox=\"0 0 24 24\" fill=\"none\" xmlns=\"http:\/\/www.w3.org\/2000\/svg\" aria-hidden=\"true\">\n\t\t\t\t\t\t\t\t\t\t\t<path d=\"M6 9l6 6 6-6\" stroke=\"currentColor\" stroke-width=\"2\" stroke-linecap=\"round\" stroke-linejoin=\"round\"\/>\n\t\t\t\t\t\t\t\t\t\t<\/svg>\n\t\t\t\t\t\t\t\t\t<\/button>\n\t\t\t\t\t\t\t\t<\/div>\n\t\t\t\t\t\t\t\t\t\t\t\t\t\t\t<\/div>\n\n\t\t\t\t\t\t<\/article>\n\t\t\t\t\t<\/div>\n\t\t\t\t\t\t\t\t\t\t<div class=\"swiper-slide\">\n\t\t\t\t\t\t<article class=\"se-card\">\n\n\t\t\t\t\t\t\t\t\t\t\t\t\t\t\t<div class=\"se-card__image-wrap\">\n\t\t\t\t\t\t\t\t\t<img\n\t\t\t\t\t\t\t\t\t\tsrc=\"https:\/\/delfiart.com\/wp-content\/uploads\/2026\/03\/10_Foto_LoveFaith_01_result-1024x1024.webp\"\n\t\t\t\t\t\t\t\t\t\talt=\"Love &amp; Faith\"\n\t\t\t\t\t\t\t\t\t\tclass=\"se-card__image\"\n\t\t\t\t\t\t\t\t\t\tloading=\"lazy\"\n\t\t\t\t\t\t\t\t\t\/>\n\t\t\t\t\t\t\t\t<\/div>\n\t\t\t\t\t\t\t\n\t\t\t\t\t\t\t<div class=\"se-card__body\">\n\t\t\t\t\t\t\t\t<h3 class=\"se-card__title\">\n\t\t\t\t\t\t\t\t\tLove &amp; Faith\t\t\t\t\t\t\t\t<\/h3>\n\n\t\t\t\t\t\t\t\t\t\t\t\t\t\t\t\t<div class=\"se-card__excerpt-wrap\">\n\t\t\t\t\t\t\t\t\t<p class=\"se-card__excerpt\">Ritratto d&#8217;anima commissionato per una coppia di viaggiatori in occasione dell&#8217;inaugurazione della loro nuova casa. Gli animali presenti sono i guardiani della loro nuova dimora. Tra di loro, sulle pergamente, le scritte Love &amp; Faith richiamano le qualit\u00e0 su cui basare la propria unione.<\/p>\n\t\t\t\t\t\t\t\t\t<button\n\t\t\t\t\t\t\t\t\t\tclass=\"se-card__expand-btn\"\n\t\t\t\t\t\t\t\t\t\taria-expanded=\"false\"\n\t\t\t\t\t\t\t\t\t\taria-label=\"Espandi testo\"\n\t\t\t\t\t\t\t\t\t>\n\t\t\t\t\t\t\t\t\t\t<svg viewBox=\"0 0 24 24\" fill=\"none\" xmlns=\"http:\/\/www.w3.org\/2000\/svg\" aria-hidden=\"true\">\n\t\t\t\t\t\t\t\t\t\t\t<path d=\"M6 9l6 6 6-6\" stroke=\"currentColor\" stroke-width=\"2\" stroke-linecap=\"round\" stroke-linejoin=\"round\"\/>\n\t\t\t\t\t\t\t\t\t\t<\/svg>\n\t\t\t\t\t\t\t\t\t<\/button>\n\t\t\t\t\t\t\t\t<\/div>\n\t\t\t\t\t\t\t\t\t\t\t\t\t\t\t<\/div>\n\n\t\t\t\t\t\t<\/article>\n\t\t\t\t\t<\/div>\n\t\t\t\t\t\t\t\t\t\t<div class=\"swiper-slide\">\n\t\t\t\t\t\t<article class=\"se-card\">\n\n\t\t\t\t\t\t\t\t\t\t\t\t\t\t\t<div class=\"se-card__image-wrap\">\n\t\t\t\t\t\t\t\t\t<img\n\t\t\t\t\t\t\t\t\t\tsrc=\"https:\/\/delfiart.com\/wp-content\/uploads\/2026\/03\/09_Foto_HarielMattia_01_result-1-1024x1024.webp\"\n\t\t\t\t\t\t\t\t\t\talt=\"Hariel &amp; Mattia\"\n\t\t\t\t\t\t\t\t\t\tclass=\"se-card__image\"\n\t\t\t\t\t\t\t\t\t\tloading=\"lazy\"\n\t\t\t\t\t\t\t\t\t\/>\n\t\t\t\t\t\t\t\t<\/div>\n\t\t\t\t\t\t\t\n\t\t\t\t\t\t\t<div class=\"se-card__body\">\n\t\t\t\t\t\t\t\t<h3 class=\"se-card__title\">\n\t\t\t\t\t\t\t\t\tHariel &amp; Mattia\t\t\t\t\t\t\t\t<\/h3>\n\n\t\t\t\t\t\t\t\t\t\t\t\t\t\t\t\t<div class=\"se-card__excerpt-wrap\">\n\t\t\t\t\t\t\t\t\t<p class=\"se-card__excerpt\">Ritratto d&#8217;anima di coppia su commissione. Ogni elemento ritrae simbolicamente l&#8217;energia di Hariel e Mattia: un&#8217;isola sorretta da una tigre, guardiana del sacro, su cui poggia una colonna che connette la materia al Divino. Una coppia che emerge dall&#8217;emozione pesante dell&#8217;amore pieno di aspettative e cerca di guardare oltre.<\/p>\n\t\t\t\t\t\t\t\t\t<button\n\t\t\t\t\t\t\t\t\t\tclass=\"se-card__expand-btn\"\n\t\t\t\t\t\t\t\t\t\taria-expanded=\"false\"\n\t\t\t\t\t\t\t\t\t\taria-label=\"Espandi testo\"\n\t\t\t\t\t\t\t\t\t>\n\t\t\t\t\t\t\t\t\t\t<svg viewBox=\"0 0 24 24\" fill=\"none\" xmlns=\"http:\/\/www.w3.org\/2000\/svg\" aria-hidden=\"true\">\n\t\t\t\t\t\t\t\t\t\t\t<path d=\"M6 9l6 6 6-6\" stroke=\"currentColor\" stroke-width=\"2\" stroke-linecap=\"round\" stroke-linejoin=\"round\"\/>\n\t\t\t\t\t\t\t\t\t\t<\/svg>\n\t\t\t\t\t\t\t\t\t<\/button>\n\t\t\t\t\t\t\t\t<\/div>\n\t\t\t\t\t\t\t\t\t\t\t\t\t\t\t<\/div>\n\n\t\t\t\t\t\t<\/article>\n\t\t\t\t\t<\/div>\n\t\t\t\t\t\t\t\t\t<\/div>\n\n\t\t\t\t<div class=\"swiper-pagination\"><\/div>\n\t\t\t<\/div>\n\t\t<\/div>\n\t\t\t\t\t\t<\/div>\n\t\t\t\t<\/div>\n\t\t\t\t\t<\/div>\n\t\t\t\t<\/div>\n\t\t<div class=\"elementor-element elementor-element-4f358e8 e-flex e-con-boxed e-con e-parent\" data-id=\"4f358e8\" data-element_type=\"container\" data-e-type=\"container\">\n\t\t\t\t\t<div class=\"e-con-inner\">\n\t\t<div class=\"elementor-element elementor-element-e648a17 e-con-full e-flex e-con e-child\" data-id=\"e648a17\" data-element_type=\"container\" data-e-type=\"container\">\n\t\t\t\t<div class=\"elementor-element elementor-element-87d6302 elementor-widget elementor-widget-heading\" data-id=\"87d6302\" data-element_type=\"widget\" data-e-type=\"widget\" data-widget_type=\"heading.default\">\n\t\t\t\t\t<h2 class=\"elementor-heading-title elementor-size-default\">Conosciamoci <\/h2>\t\t\t\t<\/div>\n\t\t\t\t<div class=\"elementor-element elementor-element-9072bc2 elementor-widget elementor-widget-text-editor\" data-id=\"9072bc2\" data-element_type=\"widget\" data-e-type=\"widget\" data-widget_type=\"text-editor.default\">\n\t\t\t\t\t\t\t\t\t<p><span style=\"font-weight: 400;\">Scrivimi dalla form di contatto, chiamami o, se preferisci, mandami un messaggio attraverso i miei canali social. <\/span><\/p>\t\t\t\t\t\t\t\t<\/div>\n\t\t\t\t<div class=\"elementor-element elementor-element-aea91a9 elementor-widget elementor-widget-button\" data-id=\"aea91a9\" data-element_type=\"widget\" data-e-type=\"widget\" data-widget_type=\"button.default\">\n\t\t\t\t\t\t\t\t\t\t<a class=\"elementor-button elementor-button-link elementor-size-sm\" href=\"\/contatti\/\">\n\t\t\t\t\t\t<span class=\"elementor-button-content-wrapper\">\n\t\t\t\t\t\t\t\t\t<span class=\"elementor-button-text\">Contattami<\/span>\n\t\t\t\t\t<\/span>\n\t\t\t\t\t<\/a>\n\t\t\t\t\t\t\t\t<\/div>\n\t\t\t\t<\/div>\n\t\t\t\t\t<\/div>\n\t\t\t\t<\/div>\n\t\t\t\t<\/div>\n\t\t","protected":false},"excerpt":{"rendered":"<p>Commissioni Quando mi chiedi un&#8217;opera su commissione, si apre per me uno spazio di ascolto. Da quel momento, il tempo dedicato alla tua opera diventa tempo condiviso. La connessione con il destinatario nasce nell&#8217;atto stesso del creare per lui\/lei: tutto ci\u00f2 che mi attraversa: simboli, forme, intuizioni, non \u00e8 casuale. \u00c8 destinato. Lascio emergere ci\u00f2 [&hellip;]<\/p>\n","protected":false},"author":2,"featured_media":0,"parent":0,"menu_order":0,"comment_status":"closed","ping_status":"closed","template":"","meta":{"inline_featured_image":false,"footnotes":""},"class_list":["post-96","page","type-page","status-publish","hentry"],"_links":{"self":[{"href":"https:\/\/delfiart.com\/en\/wp-json\/wp\/v2\/pages\/96","targetHints":{"allow":["GET"]}}],"collection":[{"href":"https:\/\/delfiart.com\/en\/wp-json\/wp\/v2\/pages"}],"about":[{"href":"https:\/\/delfiart.com\/en\/wp-json\/wp\/v2\/types\/page"}],"author":[{"embeddable":true,"href":"https:\/\/delfiart.com\/en\/wp-json\/wp\/v2\/users\/2"}],"replies":[{"embeddable":true,"href":"https:\/\/delfiart.com\/en\/wp-json\/wp\/v2\/comments?post=96"}],"version-history":[{"count":5,"href":"https:\/\/delfiart.com\/en\/wp-json\/wp\/v2\/pages\/96\/revisions"}],"predecessor-version":[{"id":1011,"href":"https:\/\/delfiart.com\/en\/wp-json\/wp\/v2\/pages\/96\/revisions\/1011"}],"wp:attachment":[{"href":"https:\/\/delfiart.com\/en\/wp-json\/wp\/v2\/media?parent=96"}],"curies":[{"name":"wp","href":"https:\/\/api.w.org\/{rel}","templated":true}]}}