{"id":227,"date":"2026-02-25T13:34:28","date_gmt":"2026-02-25T13:34:28","guid":{"rendered":"https:\/\/delfiart.francescozani.com\/?post_type=product&#038;p=227"},"modified":"2026-03-27T15:48:48","modified_gmt":"2026-03-27T15:48:48","slug":"ursus","status":"publish","type":"product","link":"https:\/\/delfiart.com\/en\/shop\/ursus\/","title":{"rendered":"Ursus"},"content":{"rendered":"<p class=\"translation-block\">Painting created by exploring the fear this animal evokes in me \u2014 so as not to stop at what appears on the surface, but to enter deeply into it.<br>\nWe are perhaps frightened of it precisely because it embodies the qualities that reconnect us to our instinct and to our deepest parts.<br>\nNative Americans had words to speak with it and revered it as a spirit bearing great teachings related to our relationship with the place where we live.<\/p>\n<p>&nbsp;<\/p>","protected":false},"excerpt":{"rendered":"<p>Quadro realizzato indagando la paura che mi suscita quest&#8217;animale per non fermarmi a ci\u00f2 che appare ma entrare in profondit\u00e0 dentro di essa. Ne siamo spaventati forse proprio perch\u00e9 incarna le qualit\u00e0 che ci ricollegano al nostro istinto e alle nostre parti pi\u00f9 profonde. I Nativi Americani avevano parole per parlare con lui e lo [&hellip;]<\/p>\n","protected":false},"featured_media":228,"template":"","meta":{"inline_featured_image":false},"product_brand":[],"product_cat":[16],"product_tag":[],"class_list":{"0":"post-227","1":"product","2":"type-product","3":"status-publish","4":"has-post-thumbnail","6":"product_cat-su-tela","7":"product_shipping_class-originali","8":"pa_tipologia-originale-tela","10":"first","11":"instock","12":"sold-individually","13":"shipping-taxable","14":"purchasable","15":"product-type-variable"},"_links":{"self":[{"href":"https:\/\/delfiart.com\/en\/wp-json\/wp\/v2\/product\/227","targetHints":{"allow":["GET"]}}],"collection":[{"href":"https:\/\/delfiart.com\/en\/wp-json\/wp\/v2\/product"}],"about":[{"href":"https:\/\/delfiart.com\/en\/wp-json\/wp\/v2\/types\/product"}],"wp:featuredmedia":[{"embeddable":true,"href":"https:\/\/delfiart.com\/en\/wp-json\/wp\/v2\/media\/228"}],"wp:attachment":[{"href":"https:\/\/delfiart.com\/en\/wp-json\/wp\/v2\/media?parent=227"}],"wp:term":[{"taxonomy":"product_brand","embeddable":true,"href":"https:\/\/delfiart.com\/en\/wp-json\/wp\/v2\/product_brand?post=227"},{"taxonomy":"product_cat","embeddable":true,"href":"https:\/\/delfiart.com\/en\/wp-json\/wp\/v2\/product_cat?post=227"},{"taxonomy":"product_tag","embeddable":true,"href":"https:\/\/delfiart.com\/en\/wp-json\/wp\/v2\/product_tag?post=227"}],"curies":[{"name":"wp","href":"https:\/\/api.w.org\/{rel}","templated":true}]}}